{"id":1306,"date":"2024-09-20T01:19:35","date_gmt":"2024-09-20T01:19:35","guid":{"rendered":"https:\/\/demo.casethemes.net\/maiko\/?page_id=1306"},"modified":"2025-07-23T19:13:20","modified_gmt":"2025-07-23T19:13:20","slug":"communication","status":"publish","type":"page","link":"https:\/\/korkmazglobal.com\/en\/communication\/","title":{"rendered":"Contact Us"},"content":{"rendered":"<div data-elementor-type=\"wp-page\" data-elementor-id=\"1306\" class=\"elementor elementor-1306\" data-elementor-post-type=\"page\">\n\t\t\t\t        <section class=\"elementor-section elementor-top-section elementor-element elementor-element-63ab260 elementor-section-stretched elementor-section-full_width elementor-section-height-default elementor-section-height-default pxl-row-scroll-none pxl-zoom-point-false pxl-section-overflow-visible pxl-section-fix-none pxl_parallax_bg_img_noise-none pxl-full-content-with-space-none pxl-bg-color-none pxl-section-overlay-none\" data-id=\"63ab260\" data-element_type=\"section\" data-settings=\"{&quot;stretch_section&quot;:&quot;section-stretched&quot;}\">\n\n                \n                <div class=\"elementor-container elementor-column-gap-no\">\n                <div class=\"elementor-column elementor-col-100 elementor-top-column elementor-element elementor-element-6aaa603 pxl-column-none pxl-column-overflow-hidden-no pxl-column-zoom-no\" data-id=\"6aaa603\" data-element_type=\"column\" data-settings=\"{&quot;background_background&quot;:&quot;classic&quot;}\">\r\n        <div class=\"elementor-widget-wrap elementor-element-populated\">\r\n                     \r\n                <section class=\"elementor-section elementor-inner-section elementor-element elementor-element-aba4869 elementor-section-boxed elementor-section-height-default elementor-section-height-default pxl-row-scroll-none pxl-zoom-point-false pxl-section-overflow-visible pxl-section-fix-none pxl_parallax_bg_img_noise-none pxl-bg-color-none pxl-section-overlay-none\" data-id=\"aba4869\" data-element_type=\"section\">\n\n                \n                <div class=\"elementor-container elementor-column-gap-default\">\n                <div class=\"elementor-column elementor-col-50 elementor-inner-column elementor-element elementor-element-5e8a133 pxl-column-none pxl-column-overflow-hidden-no pxl-column-zoom-no\" data-id=\"5e8a133\" data-element_type=\"column\">\r\n        <div class=\"elementor-widget-wrap elementor-element-populated\">\r\n                     \r\n        \t\t<div class=\"elementor-element elementor-element-696b8d0 elementor-widget elementor-widget-pxl_heading\" data-id=\"696b8d0\" data-element_type=\"widget\" data-widget_type=\"pxl_heading.default\">\n\t\t\t\t<div class=\"elementor-widget-container\">\n\t\t\t\t\t\n<div id=\"pxl-pxl_heading-696b8d0-8315\" class=\"pxl-heading px-sub-title-default style-default-style\">\n\t<div class=\"pxl-heading--inner\">\n\t\t\n\t\t<h1 class=\"pxl-item--title pxl-split-text style-default  highlight-default split-in-left\" data-wow-delay=\"ms\">\n\t\t\t\t\tHello!\t\n\t\t\t\n\t\t<\/h1>\n\n\t<\/div>\n<\/div>\t\t\t\t<\/div>\n\t\t\t\t<\/div>\n\t\t            <\/div>\r\n        <\/div>\r\n                <div class=\"elementor-column elementor-col-50 elementor-inner-column elementor-element elementor-element-3c11075 pxl-column-none pxl-column-overflow-hidden-no pxl-column-zoom-no\" data-id=\"3c11075\" data-element_type=\"column\">\r\n        <div class=\"elementor-widget-wrap elementor-element-populated\">\r\n                     \r\n        \t\t<div class=\"elementor-element elementor-element-e0e6d86 elementor-widget elementor-widget-pxl_text_editor\" data-id=\"e0e6d86\" data-element_type=\"widget\" data-widget_type=\"pxl_text_editor.default\">\n\t\t\t\t<div class=\"elementor-widget-container\">\n\t\t\t\t\t<div class=\"pxl-text-editor\">\n\t<div class=\"pxl-item--inner\" data-wow-delay=\"ms\">\n\t\t\tFrom architectural design to engineering, from project design to creative applications, we are with you every step of the way.\t\n\t<\/div>\n<\/div>\n\n<script>\njQuery(document).ready(function($) {\n    let $pageTitleElement = $('#pxl-page-title-elementor');\n\n    if ($pageTitleElement.length) {\n        let sgPostDesText = ``;\n        $pageTitleElement.find('.pxl-item--inner').html(sgPostDesText);\n    }\n});\n<\/script>\n\n\n\t\t\t\t<\/div>\n\t\t\t\t<\/div>\n\t\t            <\/div>\r\n        <\/div>\r\n        \t\t\t<\/div>\n\t\t<\/section>\n\t\t\t\t<div class=\"elementor-element elementor-element-0d029f7 elementor-widget elementor-widget-pxl_divider\" data-id=\"0d029f7\" data-element_type=\"widget\" data-widget_type=\"pxl_divider.default\">\n\t\t\t\t<div class=\"elementor-widget-container\">\n\t\t\t\t\t<div class=\"pxl-divider horizontal animated normal\"><div class=\"pxl-divider-separator\"><\/div><\/div>\t\t\t\t<\/div>\n\t\t\t\t<\/div>\n\t\t        <section class=\"elementor-section elementor-inner-section elementor-element elementor-element-4f47273 elementor-section-boxed elementor-section-height-default elementor-section-height-default pxl-row-scroll-none pxl-zoom-point-false pxl-section-overflow-visible pxl-section-fix-none pxl_parallax_bg_img_noise-none pxl-bg-color-none pxl-section-overlay-none\" data-id=\"4f47273\" data-element_type=\"section\">\n\n                \n                <div class=\"elementor-container elementor-column-gap-default\">\n                <div class=\"elementor-column elementor-col-50 elementor-inner-column elementor-element elementor-element-7eda39e pxl-column-none pxl-column-overflow-hidden-no pxl-column-zoom-no\" data-id=\"7eda39e\" data-element_type=\"column\">\r\n        <div class=\"elementor-widget-wrap elementor-element-populated\">\r\n                     \r\n        \t\t<div class=\"elementor-element elementor-element-4e83848 elementor-widget elementor-widget-pxl_heading\" data-id=\"4e83848\" data-element_type=\"widget\" data-widget_type=\"pxl_heading.default\">\n\t\t\t\t<div class=\"elementor-widget-container\">\n\t\t\t\t\t\n<div id=\"pxl-pxl_heading-4e83848-3863\" class=\"pxl-heading px-sub-title-default style-default-style\">\n\t<div class=\"pxl-heading--inner\">\n\t\t\n\t\t<h3 class=\"pxl-item--title pxl-split-text style-default  highlight-default split-in-right\" data-wow-delay=\"ms\">\n\t\t\t\t\tContact Us\t\n\t\t\t\n\t\t<\/h3>\n\n\t<\/div>\n<\/div>\t\t\t\t<\/div>\n\t\t\t\t<\/div>\n\t\t\t\t<div class=\"elementor-element elementor-element-0b83893 elementor-widget elementor-widget-pxl_icon_box\" data-id=\"0b83893\" data-element_type=\"widget\" data-widget_type=\"pxl_icon_box.default\">\n\t\t\t\t<div class=\"elementor-widget-container\">\n\t\t\t\t\t<div class=\"pxl-icon-box pxl-icon-box1 style-2 ani1\" data-wow-delay=\"ms\">\r\n    <div class=\"pxl-item--inner\">\r\n                    <div class=\"pxl-item--icon\">\r\n                                    <a href=\"https:\/\/maps.app.goo.gl\/SX7hLAubvraPxMMt9\">\r\n                                        <i aria-hidden=\"true\" class=\"fas fa-map-marker\"><\/i>                                        <\/a>\r\n                            <\/div>\r\n                        <div class=\"pxl-item--meta\">\r\n                            <h5 class=\"pxl-item--title el-empty\">\r\n                                   Address                                  <\/h5>\r\n                      <div class=\"pxl-item--description el-empty\"><a href=\"https:\/\/maps.app.goo.gl\/SX7hLAubvraPxMMt9\">Ermenek Mh. Sister Cities Cad.<br> No: 49 \/ F Muratpa\u015fa \/ ANTALYA<\/a><\/div>\r\n       <\/div>\r\n   <\/div>\r\n<\/div>\t\t\t\t<\/div>\n\t\t\t\t<\/div>\n\t\t\t\t<div class=\"elementor-element elementor-element-00ada1f elementor-widget elementor-widget-pxl_icon_box\" data-id=\"00ada1f\" data-element_type=\"widget\" data-widget_type=\"pxl_icon_box.default\">\n\t\t\t\t<div class=\"elementor-widget-container\">\n\t\t\t\t\t<div class=\"pxl-icon-box pxl-icon-box1 style-2 ani1\" data-wow-delay=\"ms\">\r\n    <div class=\"pxl-item--inner\">\r\n                    <div class=\"pxl-item--icon\">\r\n                                    <i aria-hidden=\"true\" class=\"fas fa-phone-alt\"><\/i>                                <\/div>\r\n                        <div class=\"pxl-item--meta\">\r\n                            <h5 class=\"pxl-item--title el-empty\">\r\n                                   Telephone &amp; Mail                                  <\/h5>\r\n                      <div class=\"pxl-item--description el-empty\"><a href=\"mailto:info@korkmazglobal.com\">Mail: info@korkmazglobal.com<\/a><br>\n<a href=\"tel:+905307010711\">Telephone: +90 530 701 0711<\/a><\/div>\r\n       <\/div>\r\n   <\/div>\r\n<\/div>\t\t\t\t<\/div>\n\t\t\t\t<\/div>\n\t\t\t\t<div class=\"elementor-element elementor-element-ead0acb elementor-widget elementor-widget-pxl_icon_box\" data-id=\"ead0acb\" data-element_type=\"widget\" data-widget_type=\"pxl_icon_box.default\">\n\t\t\t\t<div class=\"elementor-widget-container\">\n\t\t\t\t\t<div class=\"pxl-icon-box pxl-icon-box1 style-2 ani1\" data-wow-delay=\"ms\">\r\n    <div class=\"pxl-item--inner\">\r\n                    <div class=\"pxl-item--icon\">\r\n                                    <i aria-hidden=\"true\" class=\"fas fa-clock\"><\/i>                                <\/div>\r\n                        <div class=\"pxl-item--meta\">\r\n                            <h5 class=\"pxl-item--title el-empty\">\r\n                                   Working Hours                                  <\/h5>\r\n                      <div class=\"pxl-item--description el-empty\">Monday - Friday: 08.00 - 18.00<br>\nPublic Holidays Closed<\/div>\r\n       <\/div>\r\n   <\/div>\r\n<\/div>\t\t\t\t<\/div>\n\t\t\t\t<\/div>\n\t\t            <\/div>\r\n        <\/div>\r\n                <div class=\"elementor-column elementor-col-50 elementor-inner-column elementor-element elementor-element-510ced3 pxl-column-none pxl-column-overflow-hidden-no pxl-column-zoom-no\" data-id=\"510ced3\" data-element_type=\"column\">\r\n        <div class=\"elementor-widget-wrap elementor-element-populated\">\r\n                     \r\n        \t\t<div class=\"elementor-element elementor-element-93a949d elementor-widget elementor-widget-pxl_heading\" data-id=\"93a949d\" data-element_type=\"widget\" data-widget_type=\"pxl_heading.default\">\n\t\t\t\t<div class=\"elementor-widget-container\">\n\t\t\t\t\t\n<div id=\"pxl-pxl_heading-93a949d-4092\" class=\"pxl-heading px-sub-title-default style-default-style\">\n\t<div class=\"pxl-heading--inner\">\n\t\t\n\t\t<h3 class=\"pxl-item--title pxl-split-text style-default  highlight-default split-in-right\" data-wow-delay=\"ms\">\n\t\t\t\t\tWe look forward to meeting you\t\n\t\t\t\n\t\t<\/h3>\n\n\t<\/div>\n<\/div>\t\t\t\t<\/div>\n\t\t\t\t<\/div>\n\t\t\t\t<div class=\"elementor-element elementor-element-951223b elementor-widget elementor-widget-pxl_contact_form\" data-id=\"951223b\" data-element_type=\"widget\" data-widget_type=\"pxl_contact_form.default\">\n\t\t\t\t<div class=\"elementor-widget-container\">\n\t\t\t\t\t    <div class=\"pxl-contact-form pxl-contact-form1 btn-w-auto\" data-wow-delay=\"ms\">\r\n        \n<div class=\"wpcf7 no-js\" id=\"wpcf7-f23841-o1\" lang=\"tr-TR\" dir=\"ltr\" data-wpcf7-id=\"23841\">\n<div class=\"screen-reader-response\"><p role=\"status\" aria-live=\"polite\" aria-atomic=\"true\"><\/p> <ul><\/ul><\/div>\n<form action=\"\/en\/wp-json\/wp\/v2\/pages\/1306#wpcf7-f23841-o1\" method=\"post\" class=\"wpcf7-form init\" aria-label=\"\u0130leti\u015fim Formu\" novalidate=\"novalidate\" data-status=\"init\" data-trp-original-action=\"\/en\/wp-json\/wp\/v2\/pages\/1306#wpcf7-f23841-o1\">\n<fieldset class=\"hidden-fields-container\"><input type=\"hidden\" name=\"_wpcf7\" value=\"23841\" \/><input type=\"hidden\" name=\"_wpcf7_version\" value=\"6.1.2\" \/><input type=\"hidden\" name=\"_wpcf7_locale\" value=\"tr_TR\" \/><input type=\"hidden\" name=\"_wpcf7_unit_tag\" value=\"wpcf7-f23841-o1\" \/><input type=\"hidden\" name=\"_wpcf7_container_post\" value=\"0\" \/><input type=\"hidden\" name=\"_wpcf7_posted_data_hash\" value=\"\" \/>\n<\/fieldset>\n<div class=\"wrap-ctf-page wrap-form\">\n\t<div class=\"containter\">\n\t\t<div class=\"row\">\n\t\t\t<div class=\"input-filled col-xl-6 col-lg-6 col-md-6 col-sm-6 col-xs-12\">\n\t\t\t\t<p><span class=\"cm-divider wpcf7-form-control-wrap your-name\"><span class=\"wpcf7-form-control-wrap\" data-name=\"your-name\"><input size=\"40\" maxlength=\"400\" class=\"wpcf7-form-control wpcf7-text wpcf7-validates-as-required\" aria-required=\"true\" aria-invalid=\"false\" placeholder=\"* Your name and surname\" value=\"\" type=\"text\" name=\"your-name\" \/><\/span><span class=\"ip-divider\"><\/span><\/span>\n\t\t\t\t<\/p>\n\t\t\t<\/div>\n\t\t\t<div class=\"input-filled col-xl-6 col-lg-6 col-md-6 col-sm-6 col-xs-12\">\n\t\t\t\t<p><span class=\"cm-divider wpcf7-form-control-wrap your-email\"><span class=\"wpcf7-form-control-wrap\" data-name=\"your-email\"><input size=\"40\" maxlength=\"400\" class=\"wpcf7-form-control wpcf7-email wpcf7-validates-as-required wpcf7-text wpcf7-validates-as-email\" aria-required=\"true\" aria-invalid=\"false\" placeholder=\"*Email Address\" value=\"\" type=\"email\" name=\"your-email\" \/><\/span><span class=\"ip-divider\"><\/span><\/span>\n\t\t\t\t<\/p>\n\t\t\t<\/div>\n\t\t\t<div class=\"input-filled col-xl-6 col-lg-6 col-md-12 col-sm-12 col-xs-12\">\n\t\t\t\t<p><span class=\"cm-divider wpcf7-form-control-wrap your-phone\"><span class=\"wpcf7-form-control-wrap\" data-name=\"your-phone\"><input size=\"40\" maxlength=\"400\" class=\"wpcf7-form-control wpcf7-tel wpcf7-validates-as-required wpcf7-text wpcf7-validates-as-tel\" aria-required=\"true\" aria-invalid=\"false\" placeholder=\"*Telephone Number\" value=\"\" type=\"tel\" name=\"your-phone\" \/><\/span><span class=\"ip-divider\"><\/span><\/span>\n\t\t\t\t<\/p>\n\t\t\t<\/div>\n\t\t\t<div class=\"input-filled col-xl-6 col-lg-6 col-md-12 col-sm-12 col-xs-12\">\n\t\t\t\t<p><span class=\"cm-divider wpcf7-form-control-wrap your-service\"><span class=\"wpcf7-form-control-wrap\" data-name=\"menu-516\"><select class=\"wpcf7-form-control wpcf7-select\" aria-invalid=\"false\" name=\"menu-516\"><option value=\"\u0130leti\u015fim Sebebiniz\">Reason for Contact<\/option><option value=\"Yeni Proje Teklifi Almak \u0130stiyorum\">I would like to receive a new project offer<\/option><option value=\"\u0130n\u015faat Hizmeti Hakk\u0131nda Bilgi Almak\">Getting Information About Construction Service<\/option><option value=\"Mimari \/ Tasar\u0131m Dan\u0131\u015fmanl\u0131\u011f\u0131 Talebi\">Architectural \/ Design Consultancy Request<\/option><option value=\"Sat\u0131l\u0131k \/ Kiral\u0131k Proje Hakk\u0131nda Bilgi Almak\">To Get Information About For Sale \/ For Rent Project<\/option><option value=\"\u0130\u015fbirli\u011fi \/ Ortakl\u0131k Teklifi\">Cooperation \/ Partnership Offer<\/option><option value=\"Bas\u0131n \/ Medya \u0130leti\u015fimi\">Press \/ Media Communication<\/option><option value=\"\u0130\u015f Ba\u015fvurusu \/ Staj Talebi\">Job Application \/ Internship Request<\/option><option value=\"Teknik Destek \/ \u015eantiye \u0130leti\u015fimi\">Technical Support \/ Site Communication<\/option><option value=\"G\u00f6r\u00fc\u015f \/ \u00d6neri \/ \u015eikayet Bildirimi\">Opinion \/ Suggestion \/ Complaint Notification<\/option><option value=\"Di\u011fer\">Other<\/option><\/select><\/span><span class=\"ip-divider\"><\/span><\/span>\n\t\t\t\t<\/p>\n\t\t\t<\/div>\n\t\t\t<div class=\"input-filled col-xl-12\">\n\t\t\t\t<p><span class=\"cm-divider wpcf7-form-control-wrap your-messeage\"><span class=\"wpcf7-form-control-wrap\" data-name=\"your-messeage\"><textarea cols=\"40\" rows=\"10\" maxlength=\"2000\" class=\"wpcf7-form-control wpcf7-textarea wpcf7-validates-as-required\" aria-required=\"true\" aria-invalid=\"false\" placeholder=\"Your message...\" name=\"your-messeage\"><\/textarea><\/span><span class=\"ip-divider\"><\/span><\/span><button type=\"submit\" class=\"wpcf7-submit wpcf7-btn-abs\" ><svg xmlns=\"http:\/\/www.w3.org\/2000\/svg\" id=\"Layer_1\" data-name=\"Layer 1\" viewbox=\"0 0 405.14 355.08\"><defs><style>.cls-1{fill:#fff;}<\/style><\/defs><path class=\"cls-1\" d=\"M430.41,225.51,76,377.76a26.44,26.44,0,0,1-10.31,2.38c-6.87,0-13-2.66-18.24-7.93q-11.1-13.5-4.76-28.55L101.32,226.3l191.9-23.79-191.9-23.79L42.64,61.36Q36.29,45.51,47.4,32.81,59.3,20.92,76,27.26L431.2,179.51q14.28,7.14,14.28,22.21Q444.68,218.37,430.41,225.51Z\" transform=\"translate(-40.34 -25.06)\"\/><\/svg><\/button>\n\t\t\t\t<\/p>\n\t\t\t<\/div>\n\t\t<\/div>\n\t<\/div>\n<\/div><div class=\"wpcf7-response-output\" aria-hidden=\"true\"><\/div>\n<input type=\"hidden\" name=\"trp-form-language\" value=\"en\"\/><\/form>\n<\/div>\n    <\/div>\r\n\t\t\t\t<\/div>\n\t\t\t\t<\/div>\n\t\t            <\/div>\r\n        <\/div>\r\n        \t\t\t<\/div>\n\t\t<\/section>\n\t\t            <\/div>\r\n        <\/div>\r\n        \t\t\t<\/div>\n\t\t<\/section>\n\t\t        <section class=\"elementor-section elementor-top-section elementor-element elementor-element-7a38321 elementor-section-full_width elementor-section-stretched elementor-section-height-default elementor-section-height-default pxl-row-scroll-none pxl-zoom-point-false pxl-section-overflow-visible pxl-section-fix-none pxl_parallax_bg_img_noise-none pxl-full-content-with-space-none pxl-bg-color-none pxl-section-overlay-none\" data-id=\"7a38321\" data-element_type=\"section\" data-settings=\"{&quot;stretch_section&quot;:&quot;section-stretched&quot;}\">\n\n                \n                <div class=\"elementor-container elementor-column-gap-no\">\n                <div class=\"elementor-column elementor-col-100 elementor-top-column elementor-element elementor-element-8ab9064 pxl-column-none pxl-column-overflow-hidden-no pxl-column-zoom-no\" data-id=\"8ab9064\" data-element_type=\"column\">\r\n        <div class=\"elementor-widget-wrap elementor-element-populated\">\r\n                     \r\n        \t\t<div class=\"elementor-element elementor-element-7aca63b elementor-widget elementor-widget-google_maps\" data-id=\"7aca63b\" data-element_type=\"widget\" data-widget_type=\"google_maps.default\">\n\t\t\t\t<div class=\"elementor-widget-container\">\n\t\t\t\t\t\t\t<div class=\"elementor-custom-embed\">\n\t\t\t<iframe loading=\"lazy\"\n\t\t\t\t\tsrc=\"https:\/\/maps.google.com\/maps?q=Ermenek%20Mh.%20Karde%C5%9F%20Kentler%20Cad.%20No%3A%2049%20%2F%20F%20Muratpa%C5%9Fa%20%2F%20ANTALYA&#038;t=m&#038;z=13&#038;output=embed&#038;iwloc=near\"\n\t\t\t\t\ttitle=\"Ermenek Mh. Sister Cities Cad. No: 49 \/ F Muratpa\u015fa \/ ANTALYA\"\n\t\t\t\t\taria-label=\"Ermenek Mh. Sister Cities Cad. No: 49 \/ F Muratpa\u015fa \/ ANTALYA\"\n\t\t\t><\/iframe>\n\t\t<\/div>\n\t\t\t\t\t\t<\/div>\n\t\t\t\t<\/div>\n\t\t            <\/div>\r\n        <\/div>\r\n        \t\t\t<\/div>\n\t\t<\/section>\n\t\t\t\t<\/div>","protected":false},"excerpt":{"rendered":"<p>Merhaba! Mimari tasar\u0131mdan m\u00fchendisli\u011fe, projelendirmeden yarat\u0131c\u0131 uygulamalara kadar her ad\u0131mda yan\u0131n\u0131zday\u0131z. Bizimle \u0130leti\u015fime Ge\u00e7in Adres Ermenek Mh. Karde\u015f Kentler Cad. No: 49 \/ F Muratpa\u015fa \/ ANTALYA Telefon &#038; Mail Mail: info@korkmazglobal.com Telefon: +90 530 701 0711 \u00c7al\u0131\u015fma Saatlerimiz Pazartesi \u2013 Cuma: 08.00 \u2013 18.00 Resmi Tatillerde: Kapal\u0131y\u0131z Sizinle Tan\u0131\u015fmak \u0130\u00e7in Sab\u0131rs\u0131zlan\u0131yoruz \u0130leti\u015fim SebebinizYeni Proje [&hellip;]<\/p>","protected":false},"author":1,"featured_media":0,"parent":0,"menu_order":0,"comment_status":"closed","ping_status":"closed","template":"","meta":{"_seopress_robots_primary_cat":"","_seopress_titles_title":"","_seopress_titles_desc":"","_seopress_robots_index":"","footnotes":""},"class_list":["post-1306","page","type-page","status-publish"],"_links":{"self":[{"href":"https:\/\/korkmazglobal.com\/en\/wp-json\/wp\/v2\/pages\/1306","targetHints":{"allow":["GET"]}}],"collection":[{"href":"https:\/\/korkmazglobal.com\/en\/wp-json\/wp\/v2\/pages"}],"about":[{"href":"https:\/\/korkmazglobal.com\/en\/wp-json\/wp\/v2\/types\/page"}],"author":[{"embeddable":true,"href":"https:\/\/korkmazglobal.com\/en\/wp-json\/wp\/v2\/users\/1"}],"replies":[{"embeddable":true,"href":"https:\/\/korkmazglobal.com\/en\/wp-json\/wp\/v2\/comments?post=1306"}],"version-history":[{"count":0,"href":"https:\/\/korkmazglobal.com\/en\/wp-json\/wp\/v2\/pages\/1306\/revisions"}],"wp:attachment":[{"href":"https:\/\/korkmazglobal.com\/en\/wp-json\/wp\/v2\/media?parent=1306"}],"curies":[{"name":"wp","href":"https:\/\/api.w.org\/{rel}","templated":true}]}}