{"id":1186,"date":"2025-07-12T15:38:11","date_gmt":"2025-07-12T15:38:11","guid":{"rendered":"https:\/\/demo.casethemes.net\/maiko\/?page_id=1186"},"modified":"2025-07-23T19:13:42","modified_gmt":"2025-07-23T19:13:42","slug":"sss","status":"publish","type":"page","link":"https:\/\/korkmazglobal.com\/en\/sss\/","title":{"rendered":"S.S.S.S"},"content":{"rendered":"<div data-elementor-type=\"wp-page\" data-elementor-id=\"1186\" class=\"elementor elementor-1186\" data-elementor-post-type=\"page\">\n\t\t\t\t        <section class=\"elementor-section elementor-top-section elementor-element elementor-element-47bc698 elementor-section-stretched elementor-section-boxed elementor-section-height-default elementor-section-height-default pxl-row-scroll-none pxl-zoom-point-false pxl-section-overflow-visible pxl-section-fix-none pxl_parallax_bg_img_noise-none pxl-bg-color-none pxl-section-overlay-none\" data-id=\"47bc698\" data-element_type=\"section\" data-settings=\"{&quot;stretch_section&quot;:&quot;section-stretched&quot;}\">\n\n                \n                <div class=\"elementor-container elementor-column-gap-extended\">\n                <div class=\"elementor-column elementor-col-100 elementor-top-column elementor-element elementor-element-70be587 pxl-column-none pxl-column-overflow-hidden-no pxl-column-zoom-no\" data-id=\"70be587\" data-element_type=\"column\">\r\n        <div class=\"elementor-widget-wrap elementor-element-populated\">\r\n                     \r\n        \t\t<div class=\"elementor-element elementor-element-95f56db elementor-widget elementor-widget-pxl_heading\" data-id=\"95f56db\" data-element_type=\"widget\" data-widget_type=\"pxl_heading.default\">\n\t\t\t\t<div class=\"elementor-widget-container\">\n\t\t\t\t\t\n<div id=\"pxl-pxl_heading-95f56db-2611\" class=\"pxl-heading px-sub-title-default style-default-style\">\n\t<div class=\"pxl-heading--inner\">\n\t\t\n\t\t<h3 class=\"pxl-item--title pxl-split-text style-default  highlight-default split-words-scale\" data-wow-delay=\"ms\">\n\t\t\t\t\tFrequently Asked Questions\t\n\t\t\t\n\t\t<\/h3>\n\n\t<\/div>\n<\/div>\t\t\t\t<\/div>\n\t\t\t\t<\/div>\n\t\t            <\/div>\r\n        <\/div>\r\n        \t\t\t<\/div>\n\t\t<\/section>\n\t\t        <section class=\"elementor-section elementor-top-section elementor-element elementor-element-21db3ec elementor-section-stretched pxl-row-scroll-fixed elementor-section-boxed elementor-section-height-default elementor-section-height-default pxl-zoom-point-false pxl-section-overflow-visible pxl-section-fix-none pxl_parallax_bg_img_noise-none pxl-bg-color-none pxl-section-overlay-none\" data-id=\"21db3ec\" data-element_type=\"section\" data-settings=\"{&quot;stretch_section&quot;:&quot;section-stretched&quot;}\">\n\n                \n                <div class=\"elementor-container elementor-column-gap-extended\">\n                <div class=\"elementor-column elementor-col-66 elementor-top-column elementor-element elementor-element-38eda1b pxl-column-none pxl-column-overflow-hidden-no pxl-column-zoom-no\" data-id=\"38eda1b\" data-element_type=\"column\">\r\n        <div class=\"elementor-widget-wrap elementor-element-populated\">\r\n                     \r\n        \t\t<div class=\"elementor-element elementor-element-c8003d1 elementor-widget elementor-widget-pxl_accordion\" data-id=\"c8003d1\" data-element_type=\"widget\" data-widget_type=\"pxl_accordion.default\">\n\t\t\t\t<div class=\"elementor-widget-container\">\n\t\t\t\t\t \r\n    <div class=\"pxl-accordion pxl-accordion1 style3\" data-wow-delay=\"ms\">\r\n                    <div class=\"pxl--item  active\">\r\n                                \r\n                <h5 class=\"pxl-accordion--title\" data-target=\"#pxl_accordion-c8003d1-4686-ffbad98\">\r\n                                <span class=\"pxl-title--text pxl-pr-20\">What is the delivery time of the projects?<\/span>\r\n\r\n                \r\n                 \r\n\r\n                <i class=\"pxl-icon--plus pxl-r-9\"><\/i>\r\n                <\/h5>\r\n                <div id=\"pxl_accordion-c8003d1-4686-ffbad98\" class=\"pxl-accordion--content\" style=\"display: block;\">\r\n                                                                                                                        The delivery date of each project is different. While the information for the delivered projects is available on the project page, the estimated delivery time for the ongoing projects can be learnt from the sales office. Delivery dates are guaranteed by contract.                                                                <div class=\"pxl-item--social\">\r\n                                             <\/div>\r\n                                            <\/div>\r\n                                <\/div>\r\n                <div class=\"pxl--item\">\r\n                                \r\n                <h5 class=\"pxl-accordion--title\" data-target=\"#pxl_accordion-c8003d1-4686-f59a798\">\r\n                                <span class=\"pxl-title--text pxl-pr-20\">How does the purchasing process work?<\/span>\r\n\r\n                \r\n                 \r\n\r\n                <i class=\"pxl-icon--plus pxl-r-9\"><\/i>\r\n                <\/h5>\r\n                <div id=\"pxl_accordion-c8003d1-4686-f59a798\" class=\"pxl-accordion--content\" >\r\n                                                                                                                        The purchase process consists of several stages, including the selection of the housing type, signing the sales contract and title deed procedures. All transactions are carried out in the presence of expert sales representatives.                                                                <div class=\"pxl-item--social\">\r\n                                             <\/div>\r\n                                            <\/div>\r\n                                <\/div>\r\n                <div class=\"pxl--item\">\r\n                                \r\n                <h5 class=\"pxl-accordion--title\" data-target=\"#pxl_accordion-c8003d1-4686-29f0a32\">\r\n                                <span class=\"pxl-title--text pxl-pr-20\">What are the payment options?<\/span>\r\n\r\n                \r\n                 \r\n\r\n                <i class=\"pxl-icon--plus pxl-r-9\"><\/i>\r\n                <\/h5>\r\n                <div id=\"pxl_accordion-c8003d1-4686-29f0a32\" class=\"pxl-accordion--content\" >\r\n                                                                                                                        Special cash, instalment or bank loan payment plans are offered for the project. Current campaigns and maturity options can be learnt in detail from the sales office.<br \/>\n                                                                <div class=\"pxl-item--social\">\r\n                                             <\/div>\r\n                                            <\/div>\r\n                                <\/div>\r\n                <div class=\"pxl--item\">\r\n                                \r\n                <h5 class=\"pxl-accordion--title\" data-target=\"#pxl_accordion-c8003d1-4686-a7b31a9\">\r\n                                <span class=\"pxl-title--text pxl-pr-20\">Can apartments be personalised?<\/span>\r\n\r\n                \r\n                 \r\n\r\n                <i class=\"pxl-icon--plus pxl-r-9\"><\/i>\r\n                <\/h5>\r\n                <div id=\"pxl_accordion-c8003d1-4686-a7b31a9\" class=\"pxl-accordion--content\" >\r\n                                                                                                                        In projects under construction, material and colour alternatives can be offered within certain limits. These options may vary according to the project status.<br \/>\n                                                                <div class=\"pxl-item--social\">\r\n                                             <\/div>\r\n                                            <\/div>\r\n                                <\/div>\r\n                <div class=\"pxl--item\">\r\n                                \r\n                <h5 class=\"pxl-accordion--title\" data-target=\"#pxl_accordion-c8003d1-4686-1dfe9a2\">\r\n                                <span class=\"pxl-title--text pxl-pr-20\">Which brands are used in the apartments?<\/span>\r\n\r\n                \r\n                 \r\n\r\n                <i class=\"pxl-icon--plus pxl-r-9\"><\/i>\r\n                <\/h5>\r\n                <div id=\"pxl_accordion-c8003d1-4686-1dfe9a2\" class=\"pxl-accordion--content\" >\r\n                                                                                                                        Quality oriented brands are preferred in projects. Related brands are listed in the business partners section of the website.<br \/>\n                                                                <div class=\"pxl-item--social\">\r\n                                             <\/div>\r\n                                            <\/div>\r\n                                <\/div>\r\n                <div class=\"pxl--item\">\r\n                                \r\n                <h5 class=\"pxl-accordion--title\" data-target=\"#pxl_accordion-c8003d1-4686-9e6fcb8\">\r\n                                <span class=\"pxl-title--text pxl-pr-20\">Is technical support provided after delivery?<\/span>\r\n\r\n                \r\n                 \r\n\r\n                <i class=\"pxl-icon--plus pxl-r-9\"><\/i>\r\n                <\/h5>\r\n                <div id=\"pxl_accordion-c8003d1-4686-9e6fcb8\" class=\"pxl-accordion--content\" >\r\n                                                                                                                        Technical support is provided in the delivered houses. In this context, authorised teams intervene in technical problems that may occur.<br \/>\n                                                                <div class=\"pxl-item--social\">\r\n                                             <\/div>\r\n                                            <\/div>\r\n                                <\/div>\r\n                <div class=\"pxl--item\">\r\n                                \r\n                <h5 class=\"pxl-accordion--title\" data-target=\"#pxl_accordion-c8003d1-4686-2c759c8\">\r\n                                <span class=\"pxl-title--text pxl-pr-20\">How are site fees determined?<\/span>\r\n\r\n                \r\n                 \r\n\r\n                <i class=\"pxl-icon--plus pxl-r-9\"><\/i>\r\n                <\/h5>\r\n                <div id=\"pxl_accordion-c8003d1-4686-2c759c8\" class=\"pxl-accordion--content\" >\r\n                                                                                                                        Fee amounts are determined according to the social facilities and common area expenses of the project. After the board of directors is formed, regular information is provided.<br \/>\n                                                                <div class=\"pxl-item--social\">\r\n                                             <\/div>\r\n                                            <\/div>\r\n                                <\/div>\r\n                <div class=\"pxl--item\">\r\n                                \r\n                <h5 class=\"pxl-accordion--title\" data-target=\"#pxl_accordion-c8003d1-4686-6f283b9\">\r\n                                <span class=\"pxl-title--text pxl-pr-20\">Are sales made to foreign investors?<\/span>\r\n\r\n                \r\n                 \r\n\r\n                <i class=\"pxl-icon--plus pxl-r-9\"><\/i>\r\n                <\/h5>\r\n                <div id=\"pxl_accordion-c8003d1-4686-6f283b9\" class=\"pxl-accordion--content\" >\r\n                                                                                                                        Yes. Sales, consultancy and title deed procedures for foreign investors are carried out in full. Some projects provide eligibility for Turkish citizenship application.<br \/>\n                                                                <div class=\"pxl-item--social\">\r\n                                             <\/div>\r\n                                            <\/div>\r\n                                <\/div>\r\n                <div class=\"pxl--item\">\r\n                                \r\n                <h5 class=\"pxl-accordion--title\" data-target=\"#pxl_accordion-c8003d1-4686-06ee2e7\">\r\n                                <span class=\"pxl-title--text pxl-pr-20\">How is access to the projects provided?<\/span>\r\n\r\n                \r\n                 \r\n\r\n                <i class=\"pxl-icon--plus pxl-r-9\"><\/i>\r\n                <\/h5>\r\n                <div id=\"pxl_accordion-c8003d1-4686-06ee2e7\" class=\"pxl-accordion--content\" >\r\n                                                                                                                        Location information, map links and transport descriptions of all projects are available on the relevant project pages. Visitors who want to see the projects on site can get information by making an appointment with the sales office.                                                                <div class=\"pxl-item--social\">\r\n                                             <\/div>\r\n                                            <\/div>\r\n                                <\/div>\r\n    <\/div>\r\n\t\t\t\t<\/div>\n\t\t\t\t<\/div>\n\t\t            <\/div>\r\n        <\/div>\r\n                <div class=\"elementor-column elementor-col-33 elementor-top-column elementor-element elementor-element-44a2687 pxl-column-sticky pxl-column-overflow-hidden-no pxl-column-zoom-no\" data-id=\"44a2687\" data-element_type=\"column\">\r\n        <div class=\"elementor-widget-wrap elementor-element-populated\">\r\n                     \r\n                <section class=\"elementor-section elementor-inner-section elementor-element elementor-element-52d7db0 elementor-section-boxed elementor-section-height-default elementor-section-height-default pxl-row-scroll-none pxl-zoom-point-false pxl-section-overflow-visible pxl-section-fix-none pxl_parallax_bg_img_noise-none pxl-bg-color-none pxl-section-overlay-none\" data-id=\"52d7db0\" data-element_type=\"section\">\n\n                \n                <div class=\"elementor-container elementor-column-gap-default\">\n                <div class=\"elementor-column elementor-col-100 elementor-inner-column elementor-element elementor-element-37014c3 pxl-column-none pxl-column-overflow-hidden-no pxl-column-zoom-no\" data-id=\"37014c3\" data-element_type=\"column\" data-settings=\"{&quot;background_background&quot;:&quot;classic&quot;}\">\r\n        <div class=\"elementor-widget-wrap elementor-element-populated\">\r\n                     \r\n        \t\t<div class=\"elementor-element elementor-element-1d04c8c elementor-widget elementor-widget-pxl_image\" data-id=\"1d04c8c\" data-element_type=\"widget\" data-widget_type=\"pxl_image.default\">\n\t\t\t\t<div class=\"elementor-widget-container\">\n\t\t\t\t\t<div id=\"pxl_image-1d04c8c-9365\" class=\"pxl-image-single df pxl-disable-parallax-sm pxl-hide-sr-lg\" data-wow-delay=\"ms\"  >\r\n    <div class=\"pxl-item--inner\" data-wow-delay=\"120ms\" >\r\n    \r\n            <div class=\"pxl-item--image df\" data-wow-delay=\"ms\" data-parallax-value=\"\">\r\n                        <img decoding=\"async\" src=\"https:\/\/korkmazglobal.com\/wp-content\/uploads\/2024\/09\/faq-img1.webp\" class=\"no-lazyload attachment-full\" alt=\"\" \/>                    <\/div>\r\n        \r\n<\/div>\r\n<\/div>\t\t\t\t<\/div>\n\t\t\t\t<\/div>\n\t\t\t\t<div class=\"elementor-element elementor-element-e784d32 elementor-widget elementor-widget-pxl_button\" data-id=\"e784d32\" data-element_type=\"widget\" data-widget_type=\"pxl_button.default\">\n\t\t\t\t<div class=\"elementor-widget-container\">\n\t\t\t\t\t<div id=\"pxl-pxl_button-e784d32-3823\" class=\"pxl-button pxl-atc-link\" data-wow-delay=\"ms\">\r\n    <a href=\"https:\/\/korkmazglobal.com\/en\/projects\/\" class=\"btn pxl-icon-active  btn-default  full pxl-icon--right\" data-wow-delay=\"ms\" data-target=\".pxl-page-popup-template-0\">\r\n                    <svg xmlns=\"http:\/\/www.w3.org\/2000\/svg\" xmlns:xlink=\"http:\/\/www.w3.org\/1999\/xlink\" id=\"Layer_1\" x=\"0px\" y=\"0px\" viewbox=\"0 0 1230.3 556.2\" style=\"enable-background:new 0 0 1230.3 556.2;\" xml:space=\"preserve\"><style type=\"text\/css\">\t.st0{fill:none;stroke:#000000;stroke-width:55;stroke-miterlimit:10;}<\/style><g>\t<polyline class=\"st0\" points=\"983.5,91.5 1165.3,279.2 983.5,464.7  \"><\/polyline>\t<line class=\"st0\" x1=\"1165.3\" y1=\"279.2\" x2=\"22.7\" y2=\"279.2\"><\/line><\/g><\/svg>                                <span class=\"pxl--btn-text\" data-text=\"T\u00fcm Projeleri G\u00f6r\">\r\n            See All Projects        <\/span>\r\n                    <\/a>\r\n<\/div>\t\t\t\t<\/div>\n\t\t\t\t<\/div>\n\t\t            <\/div>\r\n        <\/div>\r\n        \t\t\t<\/div>\n\t\t<\/section>\n\t\t        <section class=\"elementor-section elementor-inner-section elementor-element elementor-element-6115fbf elementor-section-boxed elementor-section-height-default elementor-section-height-default pxl-row-scroll-none pxl-zoom-point-false pxl-section-overflow-visible pxl-section-fix-none pxl_parallax_bg_img_noise-none pxl-bg-color-none pxl-section-overlay-none\" data-id=\"6115fbf\" data-element_type=\"section\">\n\n                \n                <div class=\"elementor-container elementor-column-gap-default\">\n                <div class=\"elementor-column elementor-col-100 elementor-inner-column elementor-element elementor-element-bc244d6 pxl-column-none pxl-column-overflow-hidden-no pxl-column-zoom-no\" data-id=\"bc244d6\" data-element_type=\"column\" data-settings=\"{&quot;background_background&quot;:&quot;classic&quot;}\">\r\n        <div class=\"elementor-widget-wrap elementor-element-populated\">\r\n                     \r\n        \t\t<div class=\"elementor-element elementor-element-9c3e0c8 elementor-widget elementor-widget-pxl_image\" data-id=\"9c3e0c8\" data-element_type=\"widget\" data-widget_type=\"pxl_image.default\">\n\t\t\t\t<div class=\"elementor-widget-container\">\n\t\t\t\t\t<div id=\"pxl_image-9c3e0c8-8029\" class=\"pxl-image-single df pxl-disable-parallax-sm pxl-hide-sr-lg\" data-wow-delay=\"ms\"  >\r\n    <div class=\"pxl-item--inner\" data-wow-delay=\"120ms\" >\r\n    \r\n            <div class=\"pxl-item--image df\" data-wow-delay=\"ms\" data-parallax-value=\"\">\r\n                        <img decoding=\"async\" src=\"https:\/\/korkmazglobal.com\/wp-content\/uploads\/2024\/09\/faq-img1.webp\" class=\"no-lazyload attachment-full\" alt=\"\" \/>                    <\/div>\r\n        \r\n<\/div>\r\n<\/div>\t\t\t\t<\/div>\n\t\t\t\t<\/div>\n\t\t\t\t<div class=\"elementor-element elementor-element-4a177fc elementor-widget elementor-widget-pxl_button\" data-id=\"4a177fc\" data-element_type=\"widget\" data-widget_type=\"pxl_button.default\">\n\t\t\t\t<div class=\"elementor-widget-container\">\n\t\t\t\t\t<div id=\"pxl-pxl_button-4a177fc-6154\" class=\"pxl-button pxl-atc-link\" data-wow-delay=\"ms\">\r\n    <a href=\"#\" class=\"btn pxl-icon-active  btn-default  full pxl-icon--right\" data-wow-delay=\"ms\" data-target=\".pxl-page-popup-template-0\">\r\n                    <svg xmlns=\"http:\/\/www.w3.org\/2000\/svg\" xmlns:xlink=\"http:\/\/www.w3.org\/1999\/xlink\" id=\"Layer_1\" x=\"0px\" y=\"0px\" viewbox=\"0 0 1230.3 556.2\" style=\"enable-background:new 0 0 1230.3 556.2;\" xml:space=\"preserve\"><style type=\"text\/css\">\t.st0{fill:none;stroke:#000000;stroke-width:55;stroke-miterlimit:10;}<\/style><g>\t<polyline class=\"st0\" points=\"983.5,91.5 1165.3,279.2 983.5,464.7  \"><\/polyline>\t<line class=\"st0\" x1=\"1165.3\" y1=\"279.2\" x2=\"22.7\" y2=\"279.2\"><\/line><\/g><\/svg>                                <span class=\"pxl--btn-text\" data-text=\"Katalog \u0130ndir\">\r\n            Download Catalogue        <\/span>\r\n                    <\/a>\r\n<\/div>\t\t\t\t<\/div>\n\t\t\t\t<\/div>\n\t\t            <\/div>\r\n        <\/div>\r\n        \t\t\t<\/div>\n\t\t<\/section>\n\t\t            <\/div>\r\n        <\/div>\r\n        \t\t\t<\/div>\n\t\t<\/section>\n\t\t\t\t<\/div>","protected":false},"excerpt":{"rendered":"<p>S\u0131k\u00e7a Sorulan Sorular Projelerin teslim s\u00fcresi nedir? Her projenin teslim tarihi farkl\u0131d\u0131r. Teslim edilmi\u015f projeler i\u00e7in bilgi proje sayfas\u0131nda yer al\u0131rken, devam eden projelerde tahmini teslim s\u00fcresi sat\u0131\u015f ofisinden \u00f6\u011frenilebilir. Teslimat tarihleri s\u00f6zle\u015fme ile garanti alt\u0131na al\u0131nmaktad\u0131r. Sat\u0131n alma s\u00fcreci nas\u0131l ilerler? Sat\u0131n alma s\u00fcreci; konut tipinin se\u00e7imi, sat\u0131\u015f s\u00f6zle\u015fmesi imzalanmas\u0131 ve tapu i\u015flemleri olmak [&hellip;]<\/p>","protected":false},"author":1,"featured_media":0,"parent":0,"menu_order":0,"comment_status":"closed","ping_status":"closed","template":"","meta":{"_seopress_robots_primary_cat":"","_seopress_titles_title":"","_seopress_titles_desc":"","_seopress_robots_index":"","footnotes":""},"class_list":["post-1186","page","type-page","status-publish"],"_links":{"self":[{"href":"https:\/\/korkmazglobal.com\/en\/wp-json\/wp\/v2\/pages\/1186","targetHints":{"allow":["GET"]}}],"collection":[{"href":"https:\/\/korkmazglobal.com\/en\/wp-json\/wp\/v2\/pages"}],"about":[{"href":"https:\/\/korkmazglobal.com\/en\/wp-json\/wp\/v2\/types\/page"}],"author":[{"embeddable":true,"href":"https:\/\/korkmazglobal.com\/en\/wp-json\/wp\/v2\/users\/1"}],"replies":[{"embeddable":true,"href":"https:\/\/korkmazglobal.com\/en\/wp-json\/wp\/v2\/comments?post=1186"}],"version-history":[{"count":0,"href":"https:\/\/korkmazglobal.com\/en\/wp-json\/wp\/v2\/pages\/1186\/revisions"}],"wp:attachment":[{"href":"https:\/\/korkmazglobal.com\/en\/wp-json\/wp\/v2\/media?parent=1186"}],"curies":[{"name":"wp","href":"https:\/\/api.w.org\/{rel}","templated":true}]}}