{"id":1186,"date":"2025-07-12T15:38:11","date_gmt":"2025-07-12T15:38:11","guid":{"rendered":"https:\/\/demo.casethemes.net\/maiko\/?page_id=1186"},"modified":"2025-07-23T19:13:42","modified_gmt":"2025-07-23T19:13:42","slug":"sss","status":"publish","type":"page","link":"https:\/\/korkmazglobal.com\/de\/sss\/","title":{"rendered":"S.S.S.S"},"content":{"rendered":"<div data-elementor-type=\"wp-page\" data-elementor-id=\"1186\" class=\"elementor elementor-1186\" data-elementor-post-type=\"page\">\n\t\t\t\t        <section class=\"elementor-section elementor-top-section elementor-element elementor-element-47bc698 elementor-section-stretched elementor-section-boxed elementor-section-height-default elementor-section-height-default pxl-row-scroll-none pxl-zoom-point-false pxl-section-overflow-visible pxl-section-fix-none pxl_parallax_bg_img_noise-none pxl-bg-color-none pxl-section-overlay-none\" data-id=\"47bc698\" data-element_type=\"section\" data-settings=\"{&quot;stretch_section&quot;:&quot;section-stretched&quot;}\">\n\n                \n                <div class=\"elementor-container elementor-column-gap-extended\">\n                <div class=\"elementor-column elementor-col-100 elementor-top-column elementor-element elementor-element-70be587 pxl-column-none pxl-column-overflow-hidden-no pxl-column-zoom-no\" data-id=\"70be587\" data-element_type=\"column\">\r\n        <div class=\"elementor-widget-wrap elementor-element-populated\">\r\n                     \r\n        \t\t<div class=\"elementor-element elementor-element-95f56db elementor-widget elementor-widget-pxl_heading\" data-id=\"95f56db\" data-element_type=\"widget\" data-widget_type=\"pxl_heading.default\">\n\t\t\t\t<div class=\"elementor-widget-container\">\n\t\t\t\t\t\n<div id=\"pxl-pxl_heading-95f56db-9439\" class=\"pxl-heading px-sub-title-default style-default-style\">\n\t<div class=\"pxl-heading--inner\">\n\t\t\n\t\t<h3 class=\"pxl-item--title pxl-split-text style-default  highlight-default split-words-scale\" data-wow-delay=\"ms\">\n\t\t\t\t\tH\u00e4ufig gestellte Fragen\t\n\t\t\t\n\t\t<\/h3>\n\n\t<\/div>\n<\/div>\t\t\t\t<\/div>\n\t\t\t\t<\/div>\n\t\t            <\/div>\r\n        <\/div>\r\n        \t\t\t<\/div>\n\t\t<\/section>\n\t\t        <section class=\"elementor-section elementor-top-section elementor-element elementor-element-21db3ec elementor-section-stretched pxl-row-scroll-fixed elementor-section-boxed elementor-section-height-default elementor-section-height-default pxl-zoom-point-false pxl-section-overflow-visible pxl-section-fix-none pxl_parallax_bg_img_noise-none pxl-bg-color-none pxl-section-overlay-none\" data-id=\"21db3ec\" data-element_type=\"section\" data-settings=\"{&quot;stretch_section&quot;:&quot;section-stretched&quot;}\">\n\n                \n                <div class=\"elementor-container elementor-column-gap-extended\">\n                <div class=\"elementor-column elementor-col-66 elementor-top-column elementor-element elementor-element-38eda1b pxl-column-none pxl-column-overflow-hidden-no pxl-column-zoom-no\" data-id=\"38eda1b\" data-element_type=\"column\">\r\n        <div class=\"elementor-widget-wrap elementor-element-populated\">\r\n                     \r\n        \t\t<div class=\"elementor-element elementor-element-c8003d1 elementor-widget elementor-widget-pxl_accordion\" data-id=\"c8003d1\" data-element_type=\"widget\" data-widget_type=\"pxl_accordion.default\">\n\t\t\t\t<div class=\"elementor-widget-container\">\n\t\t\t\t\t \r\n    <div class=\"pxl-accordion pxl-accordion1 style3\" data-wow-delay=\"ms\">\r\n                    <div class=\"pxl--item  active\">\r\n                                \r\n                <h5 class=\"pxl-accordion--title\" data-target=\"#pxl_accordion-c8003d1-6720-ffbad98\">\r\n                                <span class=\"pxl-title--text pxl-pr-20\">Wie lange ist die Lieferzeit der Projekte?<\/span>\r\n\r\n                \r\n                 \r\n\r\n                <i class=\"pxl-icon--plus pxl-r-9\"><\/i>\r\n                <\/h5>\r\n                <div id=\"pxl_accordion-c8003d1-6720-ffbad98\" class=\"pxl-accordion--content\" style=\"display: block;\">\r\n                                                                                                                        Der Liefertermin f\u00fcr jedes Projekt ist unterschiedlich. W\u00e4hrend die Informationen f\u00fcr die abgeschlossenen Projekte auf der Projektseite verf\u00fcgbar sind, kann die gesch\u00e4tzte Lieferzeit f\u00fcr die laufenden Projekte vom Verkaufsb\u00fcro in Erfahrung gebracht werden. Die Liefertermine werden vertraglich garantiert.                                                                <div class=\"pxl-item--social\">\r\n                                             <\/div>\r\n                                            <\/div>\r\n                                <\/div>\r\n                <div class=\"pxl--item\">\r\n                                \r\n                <h5 class=\"pxl-accordion--title\" data-target=\"#pxl_accordion-c8003d1-6720-f59a798\">\r\n                                <span class=\"pxl-title--text pxl-pr-20\">Wie l\u00e4uft der Kaufprozess ab?<\/span>\r\n\r\n                \r\n                 \r\n\r\n                <i class=\"pxl-icon--plus pxl-r-9\"><\/i>\r\n                <\/h5>\r\n                <div id=\"pxl_accordion-c8003d1-6720-f59a798\" class=\"pxl-accordion--content\" >\r\n                                                                                                                        Der Kaufprozess besteht aus mehreren Etappen, darunter die Auswahl des Wohnungstyps, die Unterzeichnung des Kaufvertrags und die Abwicklung der Eigentumsurkunde. Alle Transaktionen werden in Anwesenheit von fachkundigen Handelsvertretern abgewickelt.                                                                <div class=\"pxl-item--social\">\r\n                                             <\/div>\r\n                                            <\/div>\r\n                                <\/div>\r\n                <div class=\"pxl--item\">\r\n                                \r\n                <h5 class=\"pxl-accordion--title\" data-target=\"#pxl_accordion-c8003d1-6720-29f0a32\">\r\n                                <span class=\"pxl-title--text pxl-pr-20\">Welche Zahlungsm\u00f6glichkeiten gibt es?<\/span>\r\n\r\n                \r\n                 \r\n\r\n                <i class=\"pxl-icon--plus pxl-r-9\"><\/i>\r\n                <\/h5>\r\n                <div id=\"pxl_accordion-c8003d1-6720-29f0a32\" class=\"pxl-accordion--content\" >\r\n                                                                                                                        F\u00fcr das Projekt werden spezielle Barzahlungs-, Ratenzahlungs- oder Bankkreditpl\u00e4ne angeboten. Aktuelle Aktionen und F\u00e4lligkeitsoptionen k\u00f6nnen im Detail beim Vertriebsb\u00fcro erfragt werden.<br \/>\n                                                                <div class=\"pxl-item--social\">\r\n                                             <\/div>\r\n                                            <\/div>\r\n                                <\/div>\r\n                <div class=\"pxl--item\">\r\n                                \r\n                <h5 class=\"pxl-accordion--title\" data-target=\"#pxl_accordion-c8003d1-6720-a7b31a9\">\r\n                                <span class=\"pxl-title--text pxl-pr-20\">K\u00f6nnen Wohnungen personalisiert werden?<\/span>\r\n\r\n                \r\n                 \r\n\r\n                <i class=\"pxl-icon--plus pxl-r-9\"><\/i>\r\n                <\/h5>\r\n                <div id=\"pxl_accordion-c8003d1-6720-a7b31a9\" class=\"pxl-accordion--content\" >\r\n                                                                                                                        Bei Projekten, die sich im Bau befinden, k\u00f6nnen innerhalb bestimmter Grenzen Material- und Farbalternativen angeboten werden. Diese Optionen k\u00f6nnen je nach Projektstatus variieren.<br \/>\n                                                                <div class=\"pxl-item--social\">\r\n                                             <\/div>\r\n                                            <\/div>\r\n                                <\/div>\r\n                <div class=\"pxl--item\">\r\n                                \r\n                <h5 class=\"pxl-accordion--title\" data-target=\"#pxl_accordion-c8003d1-6720-1dfe9a2\">\r\n                                <span class=\"pxl-title--text pxl-pr-20\">Welche Marken werden in den Wohnungen verwendet?<\/span>\r\n\r\n                \r\n                 \r\n\r\n                <i class=\"pxl-icon--plus pxl-r-9\"><\/i>\r\n                <\/h5>\r\n                <div id=\"pxl_accordion-c8003d1-6720-1dfe9a2\" class=\"pxl-accordion--content\" >\r\n                                                                                                                        Qualit\u00e4tsorientierte Marken werden bei Projekten bevorzugt. Verwandte Marken sind im Abschnitt Gesch\u00e4ftspartner auf der Website aufgef\u00fchrt.<br \/>\n                                                                <div class=\"pxl-item--social\">\r\n                                             <\/div>\r\n                                            <\/div>\r\n                                <\/div>\r\n                <div class=\"pxl--item\">\r\n                                \r\n                <h5 class=\"pxl-accordion--title\" data-target=\"#pxl_accordion-c8003d1-6720-9e6fcb8\">\r\n                                <span class=\"pxl-title--text pxl-pr-20\">Wird nach der Lieferung technische Unterst\u00fctzung geleistet?<\/span>\r\n\r\n                \r\n                 \r\n\r\n                <i class=\"pxl-icon--plus pxl-r-9\"><\/i>\r\n                <\/h5>\r\n                <div id=\"pxl_accordion-c8003d1-6720-9e6fcb8\" class=\"pxl-accordion--content\" >\r\n                                                                                                                        Die technische Unterst\u00fctzung wird in den gelieferten H\u00e4usern geleistet. In diesem Zusammenhang greifen autorisierte Teams bei eventuell auftretenden technischen Problemen ein.<br \/>\n                                                                <div class=\"pxl-item--social\">\r\n                                             <\/div>\r\n                                            <\/div>\r\n                                <\/div>\r\n                <div class=\"pxl--item\">\r\n                                \r\n                <h5 class=\"pxl-accordion--title\" data-target=\"#pxl_accordion-c8003d1-6720-2c759c8\">\r\n                                <span class=\"pxl-title--text pxl-pr-20\">Wie werden die Standortgeb\u00fchren festgelegt?<\/span>\r\n\r\n                \r\n                 \r\n\r\n                <i class=\"pxl-icon--plus pxl-r-9\"><\/i>\r\n                <\/h5>\r\n                <div id=\"pxl_accordion-c8003d1-6720-2c759c8\" class=\"pxl-accordion--content\" >\r\n                                                                                                                        Die H\u00f6he der Geb\u00fchren richtet sich nach den sozialen Einrichtungen und den Kosten f\u00fcr den Gemeinschaftsbereich des Projekts. Nach der Einsetzung des Verwaltungsrats werden regelm\u00e4\u00dfig Informationen bereitgestellt.<br \/>\n                                                                <div class=\"pxl-item--social\">\r\n                                             <\/div>\r\n                                            <\/div>\r\n                                <\/div>\r\n                <div class=\"pxl--item\">\r\n                                \r\n                <h5 class=\"pxl-accordion--title\" data-target=\"#pxl_accordion-c8003d1-6720-6f283b9\">\r\n                                <span class=\"pxl-title--text pxl-pr-20\">Werden Verk\u00e4ufe an ausl\u00e4ndische Investoren get\u00e4tigt?<\/span>\r\n\r\n                \r\n                 \r\n\r\n                <i class=\"pxl-icon--plus pxl-r-9\"><\/i>\r\n                <\/h5>\r\n                <div id=\"pxl_accordion-c8003d1-6720-6f283b9\" class=\"pxl-accordion--content\" >\r\n                                                                                                                        Ja. Die Verfahren f\u00fcr den Verkauf, die Beratung und die Eigentumsurkunde f\u00fcr ausl\u00e4ndische Investoren werden in vollem Umfang durchgef\u00fchrt. Einige Projekte bieten die M\u00f6glichkeit, die t\u00fcrkische Staatsb\u00fcrgerschaft zu beantragen.<br \/>\n                                                                <div class=\"pxl-item--social\">\r\n                                             <\/div>\r\n                                            <\/div>\r\n                                <\/div>\r\n                <div class=\"pxl--item\">\r\n                                \r\n                <h5 class=\"pxl-accordion--title\" data-target=\"#pxl_accordion-c8003d1-6720-06ee2e7\">\r\n                                <span class=\"pxl-title--text pxl-pr-20\">Wie wird der Zugang zu den Projekten gew\u00e4hrleistet?<\/span>\r\n\r\n                \r\n                 \r\n\r\n                <i class=\"pxl-icon--plus pxl-r-9\"><\/i>\r\n                <\/h5>\r\n                <div id=\"pxl_accordion-c8003d1-6720-06ee2e7\" class=\"pxl-accordion--content\" >\r\n                                                                                                                        Standortinformationen, Kartenlinks und Transportbeschreibungen zu allen Projekten sind auf den jeweiligen Projektseiten zu finden. Besucher, die die Projekte vor Ort besichtigen m\u00f6chten, k\u00f6nnen einen Termin mit dem Verkaufsb\u00fcro vereinbaren, um Informationen zu erhalten.                                                                <div class=\"pxl-item--social\">\r\n                                             <\/div>\r\n                                            <\/div>\r\n                                <\/div>\r\n    <\/div>\r\n\t\t\t\t<\/div>\n\t\t\t\t<\/div>\n\t\t            <\/div>\r\n        <\/div>\r\n                <div class=\"elementor-column elementor-col-33 elementor-top-column elementor-element elementor-element-44a2687 pxl-column-sticky pxl-column-overflow-hidden-no pxl-column-zoom-no\" data-id=\"44a2687\" data-element_type=\"column\">\r\n        <div class=\"elementor-widget-wrap elementor-element-populated\">\r\n                     \r\n                <section class=\"elementor-section elementor-inner-section elementor-element elementor-element-52d7db0 elementor-section-boxed elementor-section-height-default elementor-section-height-default pxl-row-scroll-none pxl-zoom-point-false pxl-section-overflow-visible pxl-section-fix-none pxl_parallax_bg_img_noise-none pxl-bg-color-none pxl-section-overlay-none\" data-id=\"52d7db0\" data-element_type=\"section\">\n\n                \n                <div class=\"elementor-container elementor-column-gap-default\">\n                <div class=\"elementor-column elementor-col-100 elementor-inner-column elementor-element elementor-element-37014c3 pxl-column-none pxl-column-overflow-hidden-no pxl-column-zoom-no\" data-id=\"37014c3\" data-element_type=\"column\" data-settings=\"{&quot;background_background&quot;:&quot;classic&quot;}\">\r\n        <div class=\"elementor-widget-wrap elementor-element-populated\">\r\n                     \r\n        \t\t<div class=\"elementor-element elementor-element-1d04c8c elementor-widget elementor-widget-pxl_image\" data-id=\"1d04c8c\" data-element_type=\"widget\" data-widget_type=\"pxl_image.default\">\n\t\t\t\t<div class=\"elementor-widget-container\">\n\t\t\t\t\t<div id=\"pxl_image-1d04c8c-8188\" class=\"pxl-image-single df pxl-disable-parallax-sm pxl-hide-sr-lg\" data-wow-delay=\"ms\"  >\r\n    <div class=\"pxl-item--inner\" data-wow-delay=\"120ms\" >\r\n    \r\n            <div class=\"pxl-item--image df\" data-wow-delay=\"ms\" data-parallax-value=\"\">\r\n                        <img decoding=\"async\" src=\"https:\/\/korkmazglobal.com\/wp-content\/uploads\/2024\/09\/faq-img1.webp\" class=\"no-lazyload attachment-full\" alt=\"\" \/>                    <\/div>\r\n        \r\n<\/div>\r\n<\/div>\t\t\t\t<\/div>\n\t\t\t\t<\/div>\n\t\t\t\t<div class=\"elementor-element elementor-element-e784d32 elementor-widget elementor-widget-pxl_button\" data-id=\"e784d32\" data-element_type=\"widget\" data-widget_type=\"pxl_button.default\">\n\t\t\t\t<div class=\"elementor-widget-container\">\n\t\t\t\t\t<div id=\"pxl-pxl_button-e784d32-9030\" class=\"pxl-button pxl-atc-link\" data-wow-delay=\"ms\">\r\n    <a href=\"https:\/\/korkmazglobal.com\/de\/projekte\/\" class=\"btn pxl-icon-active  btn-default  full pxl-icon--right\" data-wow-delay=\"ms\" data-target=\".pxl-page-popup-template-0\">\r\n                    <svg xmlns=\"http:\/\/www.w3.org\/2000\/svg\" xmlns:xlink=\"http:\/\/www.w3.org\/1999\/xlink\" id=\"Layer_1\" x=\"0px\" y=\"0px\" viewbox=\"0 0 1230.3 556.2\" style=\"enable-background:new 0 0 1230.3 556.2;\" xml:space=\"preserve\"><style type=\"text\/css\">\t.st0{fill:none;stroke:#000000;stroke-width:55;stroke-miterlimit:10;}<\/style><g>\t<polyline class=\"st0\" points=\"983.5,91.5 1165.3,279.2 983.5,464.7  \"><\/polyline>\t<line class=\"st0\" x1=\"1165.3\" y1=\"279.2\" x2=\"22.7\" y2=\"279.2\"><\/line><\/g><\/svg>                                <span class=\"pxl--btn-text\" data-text=\"T\u00fcm Projeleri G\u00f6r\">\r\n            Alle Projekte anzeigen        <\/span>\r\n                    <\/a>\r\n<\/div>\t\t\t\t<\/div>\n\t\t\t\t<\/div>\n\t\t            <\/div>\r\n        <\/div>\r\n        \t\t\t<\/div>\n\t\t<\/section>\n\t\t        <section class=\"elementor-section elementor-inner-section elementor-element elementor-element-6115fbf elementor-section-boxed elementor-section-height-default elementor-section-height-default pxl-row-scroll-none pxl-zoom-point-false pxl-section-overflow-visible pxl-section-fix-none pxl_parallax_bg_img_noise-none pxl-bg-color-none pxl-section-overlay-none\" data-id=\"6115fbf\" data-element_type=\"section\">\n\n                \n                <div class=\"elementor-container elementor-column-gap-default\">\n                <div class=\"elementor-column elementor-col-100 elementor-inner-column elementor-element elementor-element-bc244d6 pxl-column-none pxl-column-overflow-hidden-no pxl-column-zoom-no\" data-id=\"bc244d6\" data-element_type=\"column\" data-settings=\"{&quot;background_background&quot;:&quot;classic&quot;}\">\r\n        <div class=\"elementor-widget-wrap elementor-element-populated\">\r\n                     \r\n        \t\t<div class=\"elementor-element elementor-element-9c3e0c8 elementor-widget elementor-widget-pxl_image\" data-id=\"9c3e0c8\" data-element_type=\"widget\" data-widget_type=\"pxl_image.default\">\n\t\t\t\t<div class=\"elementor-widget-container\">\n\t\t\t\t\t<div id=\"pxl_image-9c3e0c8-5165\" class=\"pxl-image-single df pxl-disable-parallax-sm pxl-hide-sr-lg\" data-wow-delay=\"ms\"  >\r\n    <div class=\"pxl-item--inner\" data-wow-delay=\"120ms\" >\r\n    \r\n            <div class=\"pxl-item--image df\" data-wow-delay=\"ms\" data-parallax-value=\"\">\r\n                        <img decoding=\"async\" src=\"https:\/\/korkmazglobal.com\/wp-content\/uploads\/2024\/09\/faq-img1.webp\" class=\"no-lazyload attachment-full\" alt=\"\" \/>                    <\/div>\r\n        \r\n<\/div>\r\n<\/div>\t\t\t\t<\/div>\n\t\t\t\t<\/div>\n\t\t\t\t<div class=\"elementor-element elementor-element-4a177fc elementor-widget elementor-widget-pxl_button\" data-id=\"4a177fc\" data-element_type=\"widget\" data-widget_type=\"pxl_button.default\">\n\t\t\t\t<div class=\"elementor-widget-container\">\n\t\t\t\t\t<div id=\"pxl-pxl_button-4a177fc-9835\" class=\"pxl-button pxl-atc-link\" data-wow-delay=\"ms\">\r\n    <a href=\"#\" class=\"btn pxl-icon-active  btn-default  full pxl-icon--right\" data-wow-delay=\"ms\" data-target=\".pxl-page-popup-template-0\">\r\n                    <svg xmlns=\"http:\/\/www.w3.org\/2000\/svg\" xmlns:xlink=\"http:\/\/www.w3.org\/1999\/xlink\" id=\"Layer_1\" x=\"0px\" y=\"0px\" viewbox=\"0 0 1230.3 556.2\" style=\"enable-background:new 0 0 1230.3 556.2;\" xml:space=\"preserve\"><style type=\"text\/css\">\t.st0{fill:none;stroke:#000000;stroke-width:55;stroke-miterlimit:10;}<\/style><g>\t<polyline class=\"st0\" points=\"983.5,91.5 1165.3,279.2 983.5,464.7  \"><\/polyline>\t<line class=\"st0\" x1=\"1165.3\" y1=\"279.2\" x2=\"22.7\" y2=\"279.2\"><\/line><\/g><\/svg>                                <span class=\"pxl--btn-text\" data-text=\"Katalog \u0130ndir\">\r\n            Katalog herunterladen        <\/span>\r\n                    <\/a>\r\n<\/div>\t\t\t\t<\/div>\n\t\t\t\t<\/div>\n\t\t            <\/div>\r\n        <\/div>\r\n        \t\t\t<\/div>\n\t\t<\/section>\n\t\t            <\/div>\r\n        <\/div>\r\n        \t\t\t<\/div>\n\t\t<\/section>\n\t\t\t\t<\/div>","protected":false},"excerpt":{"rendered":"<p>H\u00e4ufig gestellte Fragen Wie lang ist die Lieferzeit der Projekte? Der Liefertermin f\u00fcr jedes Projekt ist unterschiedlich. W\u00e4hrend die Informationen zu den abgeschlossenen Projekten auf der Projektseite zu finden sind, kann die voraussichtliche Lieferzeit f\u00fcr die laufenden Projekte beim Verkaufsb\u00fcro erfragt werden. Die Liefertermine werden vertraglich garantiert. Wie l\u00e4uft der Kaufprozess ab? Der Kaufprozess umfasst die Auswahl des Wohnungstyps, die Unterzeichnung des Kaufvertrags und der Eigentumsurkunde [...].<\/p>","protected":false},"author":1,"featured_media":0,"parent":0,"menu_order":0,"comment_status":"closed","ping_status":"closed","template":"","meta":{"_seopress_robots_primary_cat":"","_seopress_titles_title":"","_seopress_titles_desc":"","_seopress_robots_index":"","footnotes":""},"class_list":["post-1186","page","type-page","status-publish"],"_links":{"self":[{"href":"https:\/\/korkmazglobal.com\/de\/wp-json\/wp\/v2\/pages\/1186","targetHints":{"allow":["GET"]}}],"collection":[{"href":"https:\/\/korkmazglobal.com\/de\/wp-json\/wp\/v2\/pages"}],"about":[{"href":"https:\/\/korkmazglobal.com\/de\/wp-json\/wp\/v2\/types\/page"}],"author":[{"embeddable":true,"href":"https:\/\/korkmazglobal.com\/de\/wp-json\/wp\/v2\/users\/1"}],"replies":[{"embeddable":true,"href":"https:\/\/korkmazglobal.com\/de\/wp-json\/wp\/v2\/comments?post=1186"}],"version-history":[{"count":0,"href":"https:\/\/korkmazglobal.com\/de\/wp-json\/wp\/v2\/pages\/1186\/revisions"}],"wp:attachment":[{"href":"https:\/\/korkmazglobal.com\/de\/wp-json\/wp\/v2\/media?parent=1186"}],"curies":[{"name":"wp","href":"https:\/\/api.w.org\/{rel}","templated":true}]}}